{"id":32123,"date":"2022-01-12T15:00:47","date_gmt":"2022-01-12T14:00:47","guid":{"rendered":"https:\/\/globero.hu\/?post_type=product&#038;p=32123"},"modified":"2023-07-11T09:29:33","modified_gmt":"2023-07-11T07:29:33","slug":"livigno-decorative-gas-heater-inox-masolat","status":"publish","type":"product","link":"https:\/\/globero.hu\/en\/product\/livigno-decorative-gas-heater-inox-masolat\/","title":{"rendered":"Livigno Decorative Gas Heater INOX"},"content":{"rendered":"<p>Aluminium and stainless-steel structure. \u00a0Toughened glass, roll sensor. Weatherproof design.\u00a0 Uses a standard PB gas bottle.\u00a0Wheels for easy positioning.<\/p>\n<p>Safe gas heater with simple electric ignition. For heating outdoor areas, half-open balconies or at least 30% open or free wall surface rooms, and to keep the temperature at comfortable levels.<\/p>\n<p>Watch the video here:\u00a0https:\/\/www.youtube.com\/watch?v=umN1T-7HlDo<\/p>\n<p>Maximum capacity: 12kW.<\/p>\n<p>Dimensions: 520 x 520 x 2250 mm<\/p>\n<p>The pressure regulator (reducer) is not included in the package.<\/p>\n<p><iframe loading=\"lazy\" title=\"G\u00e1z\u00fczem\u0171 L\u00e1tv\u00e1ny H\u0151sug\u00e1rz\u00f3 INOX\" width=\"500\" height=\"281\" src=\"https:\/\/www.youtube.com\/embed\/umN1T-7HlDo?feature=oembed\" frameborder=\"0\" allow=\"accelerometer; autoplay; clipboard-write; encrypted-media; gyroscope; picture-in-picture; web-share\" referrerpolicy=\"strict-origin-when-cross-origin\" allowfullscreen><\/iframe><\/p>\n","protected":false},"excerpt":{"rendered":"<p>An excellent solution to those who like to combine practicality with aesthetics. Thanks to its modern design, the Livigno outdoor heater makes a great balcony or garden decoration. Its robust steel and aluminium structure make it future-proof. In addition to its attractive appearance, the flame effect when in use also makes this a popular product. The Livigno balcony heater meets all safety requirements. The toughened glass, the electric ignition and the roll sensor all contribute to the safe use of this heater. It operates with a standard PB gas bottle and the integrated wheels help moving it around. Watch our video about this product.<\/p>\n<p>Delivery charge: HUF 4,000 \/item<\/p>\n<p>If you order more than one product at the same time, the delivery charges are reduced and will not exceed HUF 12,000.<\/p>\n<p>Delivery is free of charge for orders over HUF 150,000.<\/p>\n","protected":false},"featured_media":32751,"comment_status":"open","ping_status":"closed","template":"","meta":[],"product_brand":[],"product_cat":[427,425],"product_tag":[],"class_list":{"0":"post-32123","1":"product","2":"type-product","3":"status-publish","4":"has-post-thumbnail","6":"product_cat-gas-heaters","7":"product_cat-heaters","8":"product_shipping_class-box1c","10":"first","11":"instock","12":"taxable","13":"shipping-taxable","14":"purchasable","15":"product-type-simple"},"acf":[],"_links":{"self":[{"href":"https:\/\/globero.hu\/en\/wp-json\/wp\/v2\/product\/32123","targetHints":{"allow":["GET"]}}],"collection":[{"href":"https:\/\/globero.hu\/en\/wp-json\/wp\/v2\/product"}],"about":[{"href":"https:\/\/globero.hu\/en\/wp-json\/wp\/v2\/types\/product"}],"replies":[{"embeddable":true,"href":"https:\/\/globero.hu\/en\/wp-json\/wp\/v2\/comments?post=32123"}],"wp:featuredmedia":[{"embeddable":true,"href":"https:\/\/globero.hu\/en\/wp-json\/wp\/v2\/media\/32751"}],"wp:attachment":[{"href":"https:\/\/globero.hu\/en\/wp-json\/wp\/v2\/media?parent=32123"}],"wp:term":[{"taxonomy":"product_brand","embeddable":true,"href":"https:\/\/globero.hu\/en\/wp-json\/wp\/v2\/product_brand?post=32123"},{"taxonomy":"product_cat","embeddable":true,"href":"https:\/\/globero.hu\/en\/wp-json\/wp\/v2\/product_cat?post=32123"},{"taxonomy":"product_tag","embeddable":true,"href":"https:\/\/globero.hu\/en\/wp-json\/wp\/v2\/product_tag?post=32123"}],"curies":[{"name":"wp","href":"https:\/\/api.w.org\/{rel}","templated":true}]}}