{"id":11059,"date":"2019-10-17T11:25:27","date_gmt":"2019-10-17T09:25:27","guid":{"rendered":"https:\/\/globero.hu\/termek\/my-father\/"},"modified":"2023-07-11T09:15:22","modified_gmt":"2023-07-11T07:15:22","slug":"my-father","status":"publish","type":"product","link":"https:\/\/globero.hu\/en\/product\/my-father\/","title":{"rendered":"My father"},"content":{"rendered":"<p>Tehets\u00e9ges kort\u00e1rs m\u0171v\u00e9sz k\u00fcl\u00f6nleges alkot\u00e1sainak egyike.<\/p>\n<p>M\u00e9rete: 33 cm<\/p>\n","protected":false},"excerpt":{"rendered":"<p>This is a work by a talented contemporary artist.<\/p>\n<p>This piece of pottery is a unique, lovable figurine with careful, exacting details. The height of the statue is 33 cm<\/p>\n<p>Delivery charge: HUF 4,500 \/item<\/p>\n<p>If you order more than one product at the same time, the delivery charges are reduced and will not exceed HUF 12,000.<\/p>\n<p>Delivery is free of charge for orders over HUF 150,000.<\/p>\n","protected":false},"featured_media":10689,"comment_status":"closed","ping_status":"closed","template":"","meta":[],"product_brand":[],"product_cat":[375],"product_tag":[],"class_list":{"0":"post-11059","1":"product","2":"type-product","3":"status-publish","4":"has-post-thumbnail","6":"product_cat-globeroart-en","7":"product_shipping_class-box1d","9":"first","10":"instock","11":"taxable","12":"shipping-taxable","13":"purchasable","14":"product-type-simple"},"acf":[],"_links":{"self":[{"href":"https:\/\/globero.hu\/en\/wp-json\/wp\/v2\/product\/11059","targetHints":{"allow":["GET"]}}],"collection":[{"href":"https:\/\/globero.hu\/en\/wp-json\/wp\/v2\/product"}],"about":[{"href":"https:\/\/globero.hu\/en\/wp-json\/wp\/v2\/types\/product"}],"replies":[{"embeddable":true,"href":"https:\/\/globero.hu\/en\/wp-json\/wp\/v2\/comments?post=11059"}],"wp:featuredmedia":[{"embeddable":true,"href":"https:\/\/globero.hu\/en\/wp-json\/wp\/v2\/media\/10689"}],"wp:attachment":[{"href":"https:\/\/globero.hu\/en\/wp-json\/wp\/v2\/media?parent=11059"}],"wp:term":[{"taxonomy":"product_brand","embeddable":true,"href":"https:\/\/globero.hu\/en\/wp-json\/wp\/v2\/product_brand?post=11059"},{"taxonomy":"product_cat","embeddable":true,"href":"https:\/\/globero.hu\/en\/wp-json\/wp\/v2\/product_cat?post=11059"},{"taxonomy":"product_tag","embeddable":true,"href":"https:\/\/globero.hu\/en\/wp-json\/wp\/v2\/product_tag?post=11059"}],"curies":[{"name":"wp","href":"https:\/\/api.w.org\/{rel}","templated":true}]}}