{"id":33767,"date":"2022-02-04T15:45:09","date_gmt":"2022-02-04T14:45:09","guid":{"rendered":"https:\/\/globero.hu\/about-us\/"},"modified":"2024-03-22T14:12:57","modified_gmt":"2024-03-22T13:12:57","slug":"about-us","status":"publish","type":"page","link":"https:\/\/globero.hu\/en\/about-us\/","title":{"rendered":"About us"},"content":{"rendered":"<div class=\"wpb-content-wrapper\"><p>[vc_row el_id=&#8221;rolunk-meghitt&#8221;][vc_column][vc_column_text css=&#8221;.vc_custom_1631867831830{padding-right: 20% !important;padding-left: 20% !important;}&#8221; el_id=&#8221;rolunk_szoveg&#8221;]<\/p>\n<h2>Cozy Home!<\/h2>\n<p>Beside of work, rest must also be an important part of our lives. After a long day at work or a tiring trip, it\u2019s important how we feel when we enter our home\/garden. We belive that creating a cozy home and purchasing comfortable, high quality furniture and home accessories is essential for true relaxation.<\/p>\n<p><strong>As an importer and distributor, Globero sells high-quality but affordable outdoor and indoor furniture,<\/strong> home and garden accessories, as well as products related to outdoor rereation and leisure.[\/vc_column_text][\/vc_column][\/vc_row][vc_row full_width=&#8221;stretch_row_content_no_spaces&#8221; css=&#8221;.vc_custom_1631656039070{margin-bottom: 30px !important;}&#8221; el_id=&#8221;rolunk-kuldetesunk&#8221;][vc_column][vc_single_image image=&#8221;23424&#8243; img_size=&#8221;full&#8221; alignment=&#8221;center&#8221;][vc_column_text css_animation=&#8221;fadeInUp&#8221; basel_color_scheme=&#8221;light&#8221; css=&#8221;.vc_custom_1631869208662{margin-top: -20% !important;margin-right: 25% !important;margin-left: 25% !important;padding-top: 2% !important;padding-right: 3% !important;padding-bottom: 2% !important;padding-left: 3% !important;background-color: rgba(40,168,175,0.86) !important;*background-color: rgb(40,168,175) !important;}&#8221; el_id=&#8221;kiemelt_reszek&#8221;]<\/p>\n<h2>Our Mission<\/h2>\n<p>Our mission is to make <strong>high- and premium-quality furniture<\/strong> and unique design home furnishing available to a wider audience. We offer products that have <strong>convinced us with their look, their comfort and quality.<\/strong> Our furniture is <strong>imported directly from<\/strong> many countries around the world from <strong>inspected and certified factories<\/strong> with <strong>decades of experience.<\/strong> With our alway renewing and expanding range of furniture and accessories, we provide domestic representation of the world\u2019s leading internal munfacturers. Thanks to our <strong>direct import activity,<\/strong> we can sell furniture on a favorable price level. Our products always have the neccessary certifications. ( CE,ROSH,T\u00dcV\u2026)[\/vc_column_text][\/vc_column][\/vc_row][vc_row css=&#8221;.vc_custom_1620029421306{margin-top: 60px !important;}&#8221; el_id=&#8221;rolunk-kertikinalat&#8221;][vc_column][vc_column_text css=&#8221;.vc_custom_1631869148588{padding-right: 20% !important;padding-left: 20% !important;}&#8221; el_id=&#8221;rolunk_szoveg&#8221;]<\/p>\n<h2>Outdoor Offer<\/h2>\n<p>In addition to the <strong>outdoor lounge sets, dining sets, hanging chairs and sun loungers,<\/strong> You can find <strong>terrace heating products<\/strong> for\u00a0 cooler days or spring and autumn evenings, <strong>planters<\/strong> for colorful garden plants, <strong>parasols<\/strong> to protect against the sun\u2019s rays. For garden recreations, family or friends gatherings we reccommend our own premium \u201eGlobe\u201d <strong>camado grills<\/strong> and grill accessories.<\/p>\n<p>Our premium products are not only suitable for home. Our premium furniture and accessories are also recommended for hotel and catering usage.[\/vc_column_text][vc_masonry_media_grid element_width=&#8221;3&#8243; grid_id=&#8221;vc_gid:1711112928762-c1c14b41-48d3-7&#8243; include=&#8221;23323,23386,16139,23313,23172,23178,22746,22685&#8243;][\/vc_column][\/vc_row][vc_row css=&#8221;.vc_custom_1620029729609{margin-top: 60px !important;}&#8221; el_id=&#8221;rolunk-belteributor&#8221;][vc_column][vc_column_text css=&#8221;.vc_custom_1631869160129{padding-right: 20% !important;padding-left: 20% !important;}&#8221; el_id=&#8221;rolunk_szoveg&#8221;]<\/p>\n<h2>Indoor Furniture<\/h2>\n<p>Massive, timeless solid wood furniture and <strong>unique always changing design accesories.<\/strong> You can choose lamps, clocks, vases, bowls, trays and other <strong>decorative products<\/strong> for Your home.<\/p>\n<p>From our products with a lot of variaty of materials and styles, we will help You to choose the right solituion for Your needs, tastes and budget. After Your order we will deliver to You within a few days <strong>from our stock.<\/strong>[\/vc_column_text][vc_masonry_media_grid element_width=&#8221;3&#8243; grid_id=&#8221;vc_gid:1711112928764-6acf7aee-afc7-8&#8243; include=&#8221;10838,9952,21612,9954,9955,21722,21724,21578&#8243;][\/vc_column][\/vc_row][vc_row css=&#8221;.vc_custom_1620029748196{margin-top: 60px !important;}&#8221; el_id=&#8221;rolunk-art&#8221;][vc_column][vc_column_text css=&#8221;.vc_custom_1631869292899{padding-right: 20% !important;padding-left: 20% !important;}&#8221; el_id=&#8221;rolunk_szoveg&#8221;]<\/p>\n<h2>Art<\/h2>\n<p>We have created the <strong>GloberoArt<\/strong> category for unique works of art, where You can choose from paintings and sculptures.[\/vc_column_text][vc_masonry_media_grid element_width=&#8221;3&#8243; grid_id=&#8221;vc_gid:1711112928765-7abea230-4ffa-10&#8243; include=&#8221;17275,21500,22640,21672,21791,19119,19197,18901,19274&#8243;][\/vc_column][\/vc_row][vc_row full_width=&#8221;stretch_row_content&#8221; css=&#8221;.vc_custom_1620029774971{margin-top: 60px !important;}&#8221; el_id=&#8221;rolunk-artmoon&#8221;][vc_column]<div class=\"title-wrapper  basel-title-color-white basel-title-style-simple basel-title-size-extra-large text-center vc_custom_1618228475933\"><div class=\"liner-continer\"> <span class=\"left-line\"><\/span> <h2 class=\"title\" >ARTMOON<span class=\"title-separator\"><span><\/span><\/span><\/h2> <span class=\"right-line\"><\/span> <\/div><span class=\"title-after_title\">Walnut Interiors<\/span><\/div>[vc_column_text css_animation=&#8221;fadeInUp&#8221; basel_color_scheme=&#8221;light&#8221; css=&#8221;.vc_custom_1631873262118{margin-top: -6% !important;margin-right: 30% !important;margin-left: 30% !important;padding-top: 2% !important;padding-right: 3% !important;padding-bottom: 2% !important;padding-left: 3% !important;background-color: #28a8af !important;}&#8221; el_id=&#8221;kiemelt_reszek&#8221; el_class=&#8221;.artmoonflekk&#8221;]Our ArtMoon branded products are made of solid walnut wood for individual orders. We make a visual design of a product,\u00a0 based on Your needs and interior, and we deliver it to size. <strong>We also undertake the individual furnishing of hotels and restaurants.<\/strong><\/p>\n<p>You can find more about ArtMoon products on the <a href=\"http:\/\/www.artmoon.hu\" rel=\"noopener\">www.artmoon.hu<\/a> website.[\/vc_column_text][\/vc_column][\/vc_row][vc_row][vc_column][vc_masonry_media_grid element_width=&#8221;3&#8243; grid_id=&#8221;vc_gid:1711112928766-016636be-d07c-9&#8243; include=&#8221;23484,23497,23486,23490,23478,24291,23480,23474,24293&#8243; css=&#8221;.vc_custom_1619680119873{margin-top: -6% !important;}&#8221;][\/vc_column][\/vc_row][vc_row css=&#8221;.vc_custom_1620029797263{margin-top: 60px !important;}&#8221; el_id=&#8221;rolunk-elerhetoseg&#8221;][vc_column][vc_column_text css=&#8221;.vc_custom_1711113167346{margin-right: 20% !important;margin-left: 20% !important;}&#8221; el_id=&#8221;rolunk_szoveg&#8221;]<strong>Globero:<\/strong> Online store of outdoor and indoor furniture, design accessories<\/p>\n<p>Nationwide delivery<\/p>\n<p>Low prices guaranteed from the importer<\/p>\n<p>Always expanding product range<\/p>\n<p>In our demanding showrooms every product can be viewed even on weekends by prior arrangement:<\/p>\n<p>P\u00e9cs: 7622 P\u00e9cs, Batthy\u00e1ny str. 9. Phone: <strong>+36 30\u00a0898 9547<\/strong><\/p>\n<p>Si\u00f3fok: 8600 Si\u00f3fok, Vak Botty\u00e1n u. 24. Phone <strong>+36 30 68 25 495<\/strong>[\/vc_column_text][\/vc_column][\/vc_row][vc_row][vc_column][vc_video link=&#8221;https:\/\/www.youtube.com\/watch?v=rLHL7VRuwRI&#8221;][\/vc_column][\/vc_row]<\/p>\n<\/div>","protected":false},"excerpt":{"rendered":"<p>[vc_row el_id=&#8221;rolunk-meghitt&#8221;][vc_column][vc_column_text css=&#8221;.vc_custom_1631867831830{padding-right: 20% !important;padding-left: 20% !important;}&#8221; el_id=&#8221;rolunk_szoveg&#8221;] Cozy Home! Beside of work, rest must also be an important part<\/p>\n","protected":false},"author":96,"featured_media":0,"parent":0,"menu_order":0,"comment_status":"closed","ping_status":"closed","template":"","meta":{"footnotes":""},"class_list":["post-33767","page","type-page","status-publish","hentry"],"acf":[],"_links":{"self":[{"href":"https:\/\/globero.hu\/en\/wp-json\/wp\/v2\/pages\/33767","targetHints":{"allow":["GET"]}}],"collection":[{"href":"https:\/\/globero.hu\/en\/wp-json\/wp\/v2\/pages"}],"about":[{"href":"https:\/\/globero.hu\/en\/wp-json\/wp\/v2\/types\/page"}],"author":[{"embeddable":true,"href":"https:\/\/globero.hu\/en\/wp-json\/wp\/v2\/users\/96"}],"replies":[{"embeddable":true,"href":"https:\/\/globero.hu\/en\/wp-json\/wp\/v2\/comments?post=33767"}],"version-history":[{"count":3,"href":"https:\/\/globero.hu\/en\/wp-json\/wp\/v2\/pages\/33767\/revisions"}],"predecessor-version":[{"id":44075,"href":"https:\/\/globero.hu\/en\/wp-json\/wp\/v2\/pages\/33767\/revisions\/44075"}],"wp:attachment":[{"href":"https:\/\/globero.hu\/en\/wp-json\/wp\/v2\/media?parent=33767"}],"curies":[{"name":"wp","href":"https:\/\/api.w.org\/{rel}","templated":true}]}}